{"id":8,"date":"2025-03-21T09:13:58","date_gmt":"2025-03-21T09:13:58","guid":{"rendered":"https:\/\/trumdoithuong.net\/?page_id=8"},"modified":"2026-04-04T12:51:35","modified_gmt":"2026-04-04T12:51:35","slug":"trang-chu","status":"publish","type":"page","link":"https:\/\/trumdoithuong.net\/","title":{"rendered":"Trang ch\u1ee7"},"content":{"rendered":"<div>\t<div class=\"img has-hover x md-x lg-x y md-y lg-y\" id=\"image_1134841050\">\n\t\t\t\t\t\t\t\t<div class=\"img-inner dark\" >\n\t\t\t<img loading=\"lazy\" decoding=\"async\" width=\"1920\" height=\"700\" src=\"https:\/\/trumdoithuong.net\/wp-content\/uploads\/2025\/03\/Untitled-1.jpg\" class=\"attachment-original size-original\" alt=\"\" srcset=\"https:\/\/trumdoithuong.net\/wp-content\/uploads\/2025\/03\/Untitled-1.jpg 1920w, https:\/\/trumdoithuong.net\/wp-content\/uploads\/2025\/03\/Untitled-1-300x109.jpg 300w, https:\/\/trumdoithuong.net\/wp-content\/uploads\/2025\/03\/Untitled-1-1024x373.jpg 1024w, https:\/\/trumdoithuong.net\/wp-content\/uploads\/2025\/03\/Untitled-1-768x280.jpg 768w, https:\/\/trumdoithuong.net\/wp-content\/uploads\/2025\/03\/Untitled-1-1536x560.jpg 1536w\" sizes=\"auto, (max-width: 1920px) 100vw, 1920px\" \/>\t\t\t\t\t\t\n\t\t\t\t\t<\/div>\n\t\t\t\t\t\t\t\t\n<style>\n#image_1134841050 {\n  width: 100%;\n}\n<\/style>\n\t<\/div>\n\t<\/div>\n<div>\n\t<section class=\"section\" id=\"section_1299983518\">\n\t\t<div class=\"section-bg fill\" >\n\t\t\t\t\t\t\t\t\t\n\t\t\t\n\n\t\t<\/div>\n\n\t\t\n\n\t\t<div class=\"section-content relative\">\n\t\t\t<\/div>\n<div><div class=\"row row-small\"  id=\"row-428332690\"><\/div>\n<div>\n\t<div id=\"col-944366887\" class=\"col small-12 large-12\"  >\n\t\t\t\t<div class=\"col-inner\"  >\n\t\t\t\n\t\t\t<\/div>\n<div><div class=\"container section-title-container\" ><h2 class=\"section-title section-title-center\"><b><\/b><span class=\"section-title-main\" style=\"color:#b10000;\">Xoilac - Link Tr\u1ef1c Ti\u1ebfp B\u00f3ng \u0110\u00e1 #1, Xem B\u00f3ng \u0110\u00e1 Tr\u1ef1c Tuy\u1ebfn t\u1ed1c \u0111\u1ed9 cao<\/span><b><\/b><\/h2><\/div><\/div>\n<div>\t<div id=\"text-3697011248\" class=\"text\">\n\t\t<\/div>\n<div>Xoilac l\u00e0 m\u1ed9t trong nh\u1eefng n\u1ec1n t\u1ea3ng h\u00e0ng \u0111\u1ea7u d\u00e0nh cho nh\u1eefng ng\u01b0\u1eddi y\u00eau th\u00edch th\u1ec3 thao, \u0111\u1eb7c bi\u1ec7t l\u00e0 b\u00f3ng \u0111\u00e1 vn88. V\u1edbi s\u1ef1 ph\u00e1t tri\u1ec3n nhanh ch\u00f3ng c\u1ee7a c\u00f4ng ngh\u1ec7 v\u00e0 nhu c\u1ea7u gi\u1ea3i tr\u00ed ng\u00e0y c\u00e0ng cao, ok8386 finance, ok8386,\u00a0 https:\/\/u888jh.com\/ \u0111\u00e3 tr\u1edf th\u00e0nh m\u1ed9t \u0111\u1ecba ch\u1ec9 \u0111\u00e1ng tin c\u1eady cho ng\u01b0\u1eddi h\u00e2m m\u1ed9 th\u1ec3 thao, n\u01a1i cung c\u1ea5p c\u00e1c d\u1ecbch v\u1ee5 xem tr\u1ef1c tuy\u1ebfn th\u1ec3 thao ok8386a net,\u00a0 \u00a0https:\/\/188betbn.com\/ mi\u1ec5n ph\u00ed, \u0111\u1eb7c bi\u1ec7t l\u00e0 c\u00e1c tr\u1eadn \u0111\u1ea5u b\u00f3ng \u0111\u00e1 https:\/\/188betbn.com\/ t\u1eeb c\u00e1c gi\u1ea3i \u0111\u1ea5u l\u1edbn \u0111\u1ebfn c\u00e1c gi\u1ea3i \u0111\u1ea5u nh\u1ecf.<\/div>\n<div>\u0110\u1ed1i t\u00e1c c\u1ee7a trumdoithuong:\u00a0<strong>https:\/\/mb66.date\/,\u00a0<span data-sheets-root=\"1\"><a href=\"https:\/\/gk88t2.com\/da-ga-gk88\/\">\u0111\u00e1 g\u00e0 tr\u1ef1c ti\u1ebfp<\/a>, <a href=\"https:\/\/mb66an.com\/\">https:\/\/mb66an.com\/<\/a>, <a href=\"https:\/\/mb66ls.com\/the-thao-mb66\/\">th\u1ec3 thao mb66<\/a> | <a href=\"https:\/\/nohu.study\/\">nohu<\/a> <span style=\"font-weight: 400;\"><b>| <a href=\"https:\/\/33winn.ru.com\/\">nh\u00e0 c\u00e1i 33win<\/a> | <a href=\"https:\/\/789winn.jpn.com\/\">trang ch\u1ee7 789win<\/a> |<\/b><\/span><\/span><\/strong><\/div>\n<div>\t\t\n<style>\n#text-3697011248 {\n  color: rgb(0,0,0);\n}\n#text-3697011248 > * {\n  color: rgb(0,0,0);\n}\n<\/style>\n\t<\/div>\n\t<\/div>\n<div>\t\t<\/div>\n\t\t\t\t\t<\/div>\n\n\t<\/div>\n<div><\/div><\/div>\n<div>\t\t<\/div>\n\n\t\t\n<style>\n#section_1299983518 {\n  padding-top: 30px;\n  padding-bottom: 30px;\n}\n<\/style>\n\t<\/section>\n\t<\/div>\n<div id=\"gtx-trans\" style=\"position: absolute; left: 40px; top: 309.922px;\">\n<div class=\"gtx-trans-icon\"><\/div>\n<\/div>\n","protected":false},"excerpt":{"rendered":"","protected":false},"author":1,"featured_media":0,"parent":0,"menu_order":0,"comment_status":"closed","ping_status":"closed","template":"page-blank.php","meta":{"footnotes":""},"class_list":["post-8","page","type-page","status-publish","hentry"],"_links":{"self":[{"href":"https:\/\/trumdoithuong.net\/index.php\/wp-json\/wp\/v2\/pages\/8","targetHints":{"allow":["GET"]}}],"collection":[{"href":"https:\/\/trumdoithuong.net\/index.php\/wp-json\/wp\/v2\/pages"}],"about":[{"href":"https:\/\/trumdoithuong.net\/index.php\/wp-json\/wp\/v2\/types\/page"}],"author":[{"embeddable":true,"href":"https:\/\/trumdoithuong.net\/index.php\/wp-json\/wp\/v2\/users\/1"}],"replies":[{"embeddable":true,"href":"https:\/\/trumdoithuong.net\/index.php\/wp-json\/wp\/v2\/comments?post=8"}],"version-history":[{"count":27,"href":"https:\/\/trumdoithuong.net\/index.php\/wp-json\/wp\/v2\/pages\/8\/revisions"}],"predecessor-version":[{"id":99,"href":"https:\/\/trumdoithuong.net\/index.php\/wp-json\/wp\/v2\/pages\/8\/revisions\/99"}],"wp:attachment":[{"href":"https:\/\/trumdoithuong.net\/index.php\/wp-json\/wp\/v2\/media?parent=8"}],"curies":[{"name":"wp","href":"https:\/\/api.w.org\/{rel}","templated":true}]}}